{"id":2525,"date":"2023-01-20T00:31:08","date_gmt":"2023-01-19T23:31:08","guid":{"rendered":"https:\/\/www.kolbermoor-aikikai.de\/?page_id=2525"},"modified":"2023-01-26T14:47:48","modified_gmt":"2023-01-26T13:47:48","slug":"kinder","status":"publish","type":"page","link":"https:\/\/www.kolbermoor-aikikai.de\/?page_id=2525","title":{"rendered":"Kinder"},"content":{"rendered":"\n<p>Kolbermoor Aikido bietet  ein spezielles Training f\u00fcr Kinder im Alter von 7-13 Jahren unter der Leitung von Tanja Heinzmann (3.Dan) mit Unterst\u00fctzung von Haris Tanjo (1.Dan) an. Tanja ist&nbsp;voll umf\u00e4nglich&nbsp;qualifiziert, alle Aspekte des Kindertrainings zu&nbsp;unterrichten.<\/p>\n\n\n\n<p>Dienstag 1830 &#8211; 1945 Uhr im Turneralm.<\/p>\n\n\n\n<p><strong>WOVON PROFITIEREN KINDER?<\/strong><\/p>\n\n\n\n<p>Aikido f\u00f6rdert die Koordination, die Beweglichkeit, die Kondition, die Konzentration, die Leistungsf\u00e4higkeit, die Merkf\u00e4higkeit, das Gleichgewichtsgef\u00fchl, die Frustrationstoleranz, die Disziplin, die Achtsamkeit, die Teamf\u00e4higkeit und den gegenseitigen Respekt\u2026.<\/p>\n\n\n\n<p>Ebenso werden Elemente der Selbstverteidigung und der Ich-St\u00e4rkung erlernt.<\/p>\n\n\n\n<p>All diese Qualifikationen brauchen unsere Kinder im t\u00e4glichen Leben und Schulalltag.<\/p>\n\n\n\n<p><strong>Aber vor allem macht <\/strong><strong>AIKIDO<\/strong><strong> einfach <\/strong><strong>SPASS!<\/strong><\/p>\n\n\n\n<figure class=\"wp-block-image size-large\"><a href=\"https:\/\/www.kolbermoor-aikikai.de\/wp-content\/uploads\/2023\/01\/Tanja-Haris-1.jpg\"><img loading=\"lazy\" decoding=\"async\" width=\"953\" height=\"1024\" src=\"https:\/\/www.kolbermoor-aikikai.de\/wp-content\/uploads\/2023\/01\/Tanja-Haris-1-953x1024.jpg\" alt=\"\" class=\"wp-image-2560\" srcset=\"https:\/\/www.kolbermoor-aikikai.de\/wp-content\/uploads\/2023\/01\/Tanja-Haris-1-953x1024.jpg 953w, https:\/\/www.kolbermoor-aikikai.de\/wp-content\/uploads\/2023\/01\/Tanja-Haris-1-279x300.jpg 279w, https:\/\/www.kolbermoor-aikikai.de\/wp-content\/uploads\/2023\/01\/Tanja-Haris-1-768x825.jpg 768w, https:\/\/www.kolbermoor-aikikai.de\/wp-content\/uploads\/2023\/01\/Tanja-Haris-1-1430x1536.jpg 1430w, https:\/\/www.kolbermoor-aikikai.de\/wp-content\/uploads\/2023\/01\/Tanja-Haris-1.jpg 1862w\" sizes=\"auto, (max-width: 767px) 89vw, (max-width: 1000px) 54vw, (max-width: 1071px) 543px, 580px\" \/><\/a><\/figure>\n\n\n\n<p><strong>Brosch\u00fcre:<\/strong><\/p>\n\n\n\n<figure class=\"wp-block-image size-full\"><a href=\"https:\/\/www.kolbermoor-aikikai.de\/wp-content\/uploads\/2023\/01\/aikido_tanja_flyer_kolbermoor_druck_freigabe-5.pdf\"><img decoding=\"async\" src=\"https:\/\/www.kolbermoor-aikikai.de\/wp-content\/uploads\/2023\/01\/aikido_tanja_flyer_kolbermoor_druck_freigabe-5.pdf\" alt=\"\" class=\"wp-image-2580\"\/><\/a><\/figure>\n","protected":false},"excerpt":{"rendered":"<p>Kolbermoor Aikido bietet ein spezielles Training f\u00fcr Kinder im Alter von 7-13 Jahren unter der Leitung von Tanja Heinzmann (3.Dan) mit Unterst\u00fctzung von Haris Tanjo (1.Dan) an. Tanja ist&nbsp;voll umf\u00e4nglich&nbsp;qualifiziert, alle Aspekte des Kindertrainings zu&nbsp;unterrichten. Dienstag 1830 &#8211; 1945 Uhr im Turneralm. WOVON PROFITIEREN KINDER? Aikido f\u00f6rdert die Koordination, die Beweglichkeit, die Kondition, die Konzentration, &hellip; <\/p>\n<p class=\"link-more\"><a href=\"https:\/\/www.kolbermoor-aikikai.de\/?page_id=2525\" class=\"more-link\">Continue reading<span class=\"screen-reader-text\"> &#8220;Kinder&#8221;<\/span><\/a><\/p>\n","protected":false},"author":1,"featured_media":0,"parent":0,"menu_order":0,"comment_status":"closed","ping_status":"closed","template":"","meta":{"footnotes":""},"class_list":["post-2525","page","type-page","status-publish","hentry"],"_links":{"self":[{"href":"https:\/\/www.kolbermoor-aikikai.de\/index.php?rest_route=\/wp\/v2\/pages\/2525","targetHints":{"allow":["GET"]}}],"collection":[{"href":"https:\/\/www.kolbermoor-aikikai.de\/index.php?rest_route=\/wp\/v2\/pages"}],"about":[{"href":"https:\/\/www.kolbermoor-aikikai.de\/index.php?rest_route=\/wp\/v2\/types\/page"}],"author":[{"embeddable":true,"href":"https:\/\/www.kolbermoor-aikikai.de\/index.php?rest_route=\/wp\/v2\/users\/1"}],"replies":[{"embeddable":true,"href":"https:\/\/www.kolbermoor-aikikai.de\/index.php?rest_route=%2Fwp%2Fv2%2Fcomments&post=2525"}],"version-history":[{"count":9,"href":"https:\/\/www.kolbermoor-aikikai.de\/index.php?rest_route=\/wp\/v2\/pages\/2525\/revisions"}],"predecessor-version":[{"id":2583,"href":"https:\/\/www.kolbermoor-aikikai.de\/index.php?rest_route=\/wp\/v2\/pages\/2525\/revisions\/2583"}],"wp:attachment":[{"href":"https:\/\/www.kolbermoor-aikikai.de\/index.php?rest_route=%2Fwp%2Fv2%2Fmedia&parent=2525"}],"curies":[{"name":"wp","href":"https:\/\/api.w.org\/{rel}","templated":true}]}}