{"id":478,"date":"2014-12-17T11:58:44","date_gmt":"2014-12-17T10:58:44","guid":{"rendered":"http:\/\/www.kolbermoor-aikikai.de\/?page_id=478"},"modified":"2019-06-16T20:15:54","modified_gmt":"2019-06-16T18:15:54","slug":"videos","status":"publish","type":"page","link":"https:\/\/www.kolbermoor-aikikai.de\/?page_id=478","title":{"rendered":"Video"},"content":{"rendered":"<h1 style=\"text-align: center;\">&#8220;Wenn der Gegner angreift, stehe ich bereits hinter ihm&#8221; &#8211; Ueshiba Morihei \u00a0(1883 &#8211; 1969)<\/h1>\n<p>&nbsp;<\/p>\n<p><iframe loading=\"lazy\" src=\"https:\/\/www.youtube.com\/embed\/_ElpCEviB_E?rel=0\" width=\"960\" height=\"540\" frameborder=\"0\" allowfullscreen=\"allowfullscreen\"><\/iframe><br \/>\nKesagiri &#8211; Akido&#8217;s Grundschnitt<\/p>\n<p><iframe loading=\"lazy\" src=\"https:\/\/www.youtube.com\/embed\/u5jinbZG9i4?rel=0\" width=\"960\" height=\"540\" frameborder=\"0\" allowfullscreen=\"allowfullscreen\"><\/iframe><br \/>\nIkkyo &#8211; Partner Bokken und entsprechende Taijutsu<\/p>\n<p><iframe loading=\"lazy\" src=\"https:\/\/www.youtube.com\/embed\/WhYrbWJKB0k?rel=0\" width=\"960\" height=\"540\" frameborder=\"0\" allowfullscreen=\"allowfullscreen\"><\/iframe><br \/>\nNikyo &#8211; Partner Bokken und entsprechende Taijutsu<\/p>\n<p><iframe loading=\"lazy\" src=\"https:\/\/www.youtube.com\/embed\/YkoEzCDw02A?rel=0\" width=\"960\" height=\"540\" frameborder=\"0\" allowfullscreen=\"allowfullscreen\"><\/iframe><br \/>\nSankyo &#8211; Soto und Uchikaiten Bokken, Iaijutsu, Taijutsu und Tantodori<\/p>\n<p><iframe loading=\"lazy\" src=\"https:\/\/www.youtube.com\/embed\/fKOeCHx_KzA?rel=0\" width=\"960\" height=\"540\" frameborder=\"0\" allowfullscreen=\"allowfullscreen\"><\/iframe><br \/>\nYonkyo &#8211; Partner Bokken und entsprechende Taijutsu<\/p>\n<p><iframe loading=\"lazy\" src=\"https:\/\/www.youtube.com\/embed\/TbJ9uqSDz3Y?rel=0\" width=\"960\" height=\"540\" frameborder=\"0\" allowfullscreen=\"allowfullscreen\"><\/iframe><br \/>\nGokyo &#8211; Partner Bokken und entsprechende Taijutsu<\/p>\n<p><iframe loading=\"lazy\" src=\"https:\/\/www.youtube.com\/embed\/qzbDxmvKX2s?rel=0\" width=\"960\" height=\"540\" frameborder=\"0\" allowfullscreen=\"allowfullscreen\"><\/iframe><br \/>\nKotegaeshi &#8211; Partner Bokken, Iaijutsu und entsprechende Taijutsu<\/p>\n<p><iframe loading=\"lazy\" src=\"https:\/\/www.youtube.com\/embed\/717WhcIC18o?rel=0\" width=\"960\" height=\"540\" frameborder=\"0\" allowfullscreen=\"allowfullscreen\"><\/iframe><br \/>\nIriminage &#8211; Partner Bokken, Iaijutsu und entsprechende Taijutsu<\/p>\n<p><iframe loading=\"lazy\" src=\"https:\/\/www.youtube.com\/embed\/7v5cwd4xKtE?rel=0\" width=\"960\" height=\"540\" frameborder=\"0\" allowfullscreen=\"allowfullscreen\"><\/iframe><br \/>\nSokumen &#8211; Partner Bokken und entsprechende Taijutsu<\/p>\n<p><iframe loading=\"lazy\" src=\"https:\/\/www.youtube.com\/embed\/pG2e3OrrRIA?rel=0\" width=\"960\" height=\"540\" frameborder=\"0\" allowfullscreen=\"allowfullscreen\"><\/iframe><br \/>\nUchikaitennage &#8211; Partner Bokken, Iaijutsu und entsprechende Taijutsu<\/p>\n<p><iframe loading=\"lazy\" src=\"https:\/\/www.youtube.com\/embed\/3XP_7T5V7yI?rel=0\" width=\"960\" height=\"540\" frameborder=\"0\" allowfullscreen=\"allowfullscreen\"><\/iframe><br \/>\nSotokaitennage &#8211; Partner Bokken und entsprechende Taijutsu<\/p>\n<p><iframe loading=\"lazy\" src=\"https:\/\/www.youtube.com\/embed\/6608E1zek_0?rel=0\" width=\"960\" height=\"540\" frameborder=\"0\" allowfullscreen=\"allowfullscreen\"><\/iframe><br \/>\nSchlusstaijutsu &#8211; Grundsuwariwaza und Variationen<\/p>\n<p><iframe loading=\"lazy\" src=\"https:\/\/www.youtube.com\/embed\/dWg6a36UyOw?rel=0\" width=\"960\" height=\"540\" frameborder=\"0\" allowfullscreen=\"allowfullscreen\"><\/iframe><br \/>\nPr\u00fcfung Dezember 2018 \u00dcberarbeitung.\u00a0Wir danken Nicolas Difiori f\u00fcr die Nutzung des Videos!<\/p>\n<p>&nbsp;<\/p>\n<p><iframe loading=\"lazy\" src=\"https:\/\/www.youtube.com\/embed\/IcQbTx_gLKo?rel=0\" width=\"960\" height=\"540\" frameborder=\"0\" allowfullscreen=\"allowfullscreen\"><\/iframe><br \/>\nIm Film &#8220;Aikido Interviews&#8221; der Aikido F\u00f6deration Deutschland, sprechen die Aikido \u00fcbenden dar\u00fcber was sie bewegt und motiviert.<\/p>\n<p><iframe loading=\"lazy\" src=\"https:\/\/www.youtube.com\/embed\/QiKUhwo03qI?rel=0\" width=\"960\" height=\"540\" frameborder=\"0\" allowfullscreen=\"allowfullscreen\"><\/iframe>Sportsverein Kolbermoor\u00a0150 Jahr Feir Vorf\u00fchrung mit\u00a0Aikido Toho Iai, Kenjutsu, Tachi-dori, Tanto-dori, Taijutsu und Damen Selbstvertigung .\u00a0Wir danken Andrea H\u00f6rning\u00a0f\u00fcr die Nutzung des Videos!<\/p>\n<div style=\"width: 525px;\" class=\"wp-video\"><video class=\"wp-video-shortcode\" id=\"video-478-1\" width=\"525\" height=\"295\" preload=\"metadata\" controls=\"controls\"><source type=\"video\/mp4\" src=\"http:\/\/www.kolbermoor-aikikai.de\/wp-content\/uploads\/2017\/06\/Sankyo.m4v?_=1\" \/><a href=\"http:\/\/www.kolbermoor-aikikai.de\/wp-content\/uploads\/2017\/06\/Sankyo.m4v\">http:\/\/www.kolbermoor-aikikai.de\/wp-content\/uploads\/2017\/06\/Sankyo.m4v<\/a><\/video><\/div>\n<p>Gyaku-hamni Sankyo zum Kaiten nage<\/p>\n<div style=\"width: 525px;\" class=\"wp-video\"><video class=\"wp-video-shortcode\" id=\"video-478-2\" width=\"525\" height=\"295\" preload=\"metadata\" controls=\"controls\"><source type=\"video\/mp4\" src=\"http:\/\/www.kolbermoor-aikikai.de\/wp-content\/uploads\/2014\/12\/KA1.m4v?_=2\" \/><a href=\"http:\/\/www.kolbermoor-aikikai.de\/wp-content\/uploads\/2014\/12\/KA1.m4v\">http:\/\/www.kolbermoor-aikikai.de\/wp-content\/uploads\/2014\/12\/KA1.m4v<\/a><\/video><\/div>\n<p>Yokomen uchi &#8211; Koshi nage Variation<\/p>\n<p><iframe loading=\"lazy\" src=\"https:\/\/www.youtube.com\/embed\/5FkLYp9O_KM?rel=0;\" width=\"960\" height=\"540\" frameborder=\"0\" allowfullscreen=\"allowfullscreen\"><\/iframe>Gyaku-hamni Ikkyo mit tegatana<\/p>\n","protected":false},"excerpt":{"rendered":"<p>&#8220;Wenn der Gegner angreift, stehe ich bereits hinter ihm&#8221; &#8211; Ueshiba Morihei \u00a0(1883 &#8211; 1969) &nbsp; Kesagiri &#8211; Akido&#8217;s Grundschnitt Ikkyo &#8211; Partner Bokken und entsprechende Taijutsu Nikyo &#8211; Partner Bokken und entsprechende Taijutsu Sankyo &#8211; Soto und Uchikaiten Bokken, Iaijutsu, Taijutsu und Tantodori Yonkyo &#8211; Partner Bokken und entsprechende Taijutsu Gokyo &#8211; Partner Bokken &hellip; <\/p>\n<p class=\"link-more\"><a href=\"https:\/\/www.kolbermoor-aikikai.de\/?page_id=478\" class=\"more-link\">Continue reading<span class=\"screen-reader-text\"> &#8220;Video&#8221;<\/span><\/a><\/p>\n","protected":false},"author":1,"featured_media":0,"parent":0,"menu_order":0,"comment_status":"closed","ping_status":"closed","template":"","meta":{"footnotes":""},"class_list":["post-478","page","type-page","status-publish","hentry"],"_links":{"self":[{"href":"https:\/\/www.kolbermoor-aikikai.de\/index.php?rest_route=\/wp\/v2\/pages\/478","targetHints":{"allow":["GET"]}}],"collection":[{"href":"https:\/\/www.kolbermoor-aikikai.de\/index.php?rest_route=\/wp\/v2\/pages"}],"about":[{"href":"https:\/\/www.kolbermoor-aikikai.de\/index.php?rest_route=\/wp\/v2\/types\/page"}],"author":[{"embeddable":true,"href":"https:\/\/www.kolbermoor-aikikai.de\/index.php?rest_route=\/wp\/v2\/users\/1"}],"replies":[{"embeddable":true,"href":"https:\/\/www.kolbermoor-aikikai.de\/index.php?rest_route=%2Fwp%2Fv2%2Fcomments&post=478"}],"version-history":[{"count":54,"href":"https:\/\/www.kolbermoor-aikikai.de\/index.php?rest_route=\/wp\/v2\/pages\/478\/revisions"}],"predecessor-version":[{"id":1868,"href":"https:\/\/www.kolbermoor-aikikai.de\/index.php?rest_route=\/wp\/v2\/pages\/478\/revisions\/1868"}],"wp:attachment":[{"href":"https:\/\/www.kolbermoor-aikikai.de\/index.php?rest_route=%2Fwp%2Fv2%2Fmedia&parent=478"}],"curies":[{"name":"wp","href":"https:\/\/api.w.org\/{rel}","templated":true}]}}