{"id":49,"date":"2013-09-28T19:29:48","date_gmt":"2013-09-28T17:29:48","guid":{"rendered":"http:\/\/www.kolbermoor-aikikai.de\/?page_id=49"},"modified":"2024-04-15T20:41:33","modified_gmt":"2024-04-15T18:41:33","slug":"bei-kolbermoor-aikikai","status":"publish","type":"page","link":"https:\/\/www.kolbermoor-aikikai.de\/?page_id=49","title":{"rendered":"\u00dcber uns"},"content":{"rendered":"<h1 style=\"text-align: center;\"><em>&#8220;Erleuchtung hat keinen Anfang, Training kein Ende&#8221; &#8211; Dogen Zenji (1200-1253)<\/em><\/h1>\n<div style=\"text-align: center;\"><a href=\"http:\/\/www.kolbermoor-aikikai.de\/wp-content\/uploads\/2016\/04\/cropped-Koshi2.jpeg\"><img loading=\"lazy\" decoding=\"async\" class=\"alignnone size-large wp-image-684\" src=\"http:\/\/www.kolbermoor-aikikai.de\/wp-content\/uploads\/2016\/04\/cropped-Koshi2-1024x432.jpeg\" alt=\"\" width=\"1024\" height=\"432\" srcset=\"https:\/\/www.kolbermoor-aikikai.de\/wp-content\/uploads\/2016\/04\/cropped-Koshi2-1024x432.jpeg 1024w, https:\/\/www.kolbermoor-aikikai.de\/wp-content\/uploads\/2016\/04\/cropped-Koshi2-300x126.jpeg 300w, https:\/\/www.kolbermoor-aikikai.de\/wp-content\/uploads\/2016\/04\/cropped-Koshi2.jpeg 1140w\" sizes=\"auto, (max-width: 767px) 89vw, (max-width: 1000px) 54vw, (max-width: 1071px) 543px, 580px\" \/><\/a><\/div>\n<p align=\"JUSTIFY\"><span style=\"color: #000000;\"><span style=\"font-family: Arial, sans-serif;\"><span style=\"font-size: medium;\">Aikido (w\u00f6rtlich aus dem Kanji als \u201d Weg der Harmonie \u201d \u00fcbersetzt) ist ein komplettes Kampfkunstsystem, das unbewaffnete Techniken sowie Teckniken mit Waffen integriert, um sich gegen einen oder mehrere Gegner zu verteidigen.<\/span><\/span><\/span><\/p>\n<p align=\"JUSTIFY\"><span style=\"color: #000000;\"><span style=\"font-family: Arial, sans-serif;\"><span style=\"font-size: medium;\">Aikido ist faszinierend, da sich die Praxis auf kooperatives Lernen im Partnertraining konzentriert, anstatt solo Kata zu \u00fcben. Die Techniken sind sehr effektiv, aber nicht destruktiv, erfordern Geschick und Weisheit anstatt St\u00e4rke. Seine wichtigsten Konzepte, dem Gegner keinen Widerstand entgegenzusetzen und die eigene K\u00f6rperbeherrschung zu trainieren, sind auch im Alltagsleben von gro\u00dfem Nutzen. Aikido ist mehr als nur K\u00e4mpfen, es ist eine Investition in die Entwicklung des Selbst. Die einzige Konkurrenz ist mit sich selbst &#8211; daher es gibt keine Wettk\u00e4mpfe.<\/span><\/span><\/span><\/p>\n<p align=\"JUSTIFY\"><span style=\"color: #000000;\"><span style=\"font-family: Arial, sans-serif;\"><span style=\"font-size: medium;\">Aikido wurde in den 1930er Jahren von Morihei Ueshiba (1883-1969) in Tokyo gegr\u00fcndet. Sein Ziel war es, die traditionellen Kampfk\u00fcnste, die er als junger Mann erlernt hatte, zu modernisieren und integrieren. Er schuf damit eine Kunst, die \u00fcber das blo\u00dfe K\u00e4mpfen hinausging und ihm somit sofortige Kontrolle des Gegners erlaubte. Mit spektakul\u00e4ren Demonstrationen erstaunte er das japanische Milit\u00e4r und zog unz\u00e4hlige Kampfkunst-Experten an, die auch seine Sch\u00fcler wurden. Damals war Aikido revolution\u00e4r \u2013 und geheim. Heute gibt es \u00fcber eine Million praktizierende Aikidoka weltweit.<\/span><\/span><\/span><\/p>\n<p align=\"JUSTIFY\"><span style=\"color: #0e0e0e;\"><span style=\"font-family: Arial, sans-serif;\"><span style=\"font-size: medium;\">Aikido-Techniken ergeben sich aus einer Vielzahl von traditionellen japanischen Kampfk\u00fcnsten (Koryu) und sind ideal geeignet zur Selbstverteidigung und Allround Fitness.<\/span><\/span><\/span><\/p>\n<p align=\"JUSTIFY\"><span style=\"color: #0e0e0e;\"><span style=\"font-family: Arial, sans-serif;\"><span style=\"font-size: medium;\">Die Ausbildung umfasst :<\/span><\/span><\/span><\/p>\n<ul>\n<li>\n<p align=\"JUSTIFY\"><span style=\"color: #0e0e0e;\"><span style=\"font-family: Arial, sans-serif;\"><span style=\"font-size: medium;\">Erlernen und Weiterentwicklung der subtilen Techniken<\/span><\/span><\/span><\/p>\n<\/li>\n<li>\n<p align=\"JUSTIFY\"><span style=\"color: #0e0e0e;\"><span style=\"font-family: Arial, sans-serif;\"><span style=\"font-size: medium;\">Aerobe Fitness<\/span><\/span><\/span><\/p>\n<\/li>\n<li>\n<p align=\"JUSTIFY\"><span style=\"color: #0e0e0e;\"><span style=\"font-family: Arial, sans-serif;\"><span style=\"font-size: medium;\">Flexibilit\u00e4t<\/span><\/span><\/span><\/p>\n<\/li>\n<li>\n<p align=\"JUSTIFY\"><span style=\"color: #0e0e0e;\"><span style=\"font-family: Arial, sans-serif;\"><span style=\"font-size: medium;\">Koordination<\/span><\/span><\/span><\/p>\n<\/li>\n<li>\n<p align=\"JUSTIFY\"><span style=\"color: #0e0e0e;\"><span style=\"font-family: Arial, sans-serif;\"><span style=\"font-size: medium;\">St\u00e4rkung der K\u00f6rperkernmuskulatur<\/span><\/span><\/span><\/p>\n<\/li>\n<li><span style=\"font-family: Arial, sans-serif;\"><span style=\"font-size: medium;\"><span style=\"color: #0e0e0e;\">Sicheren Falltechniken und Selbstverteidigung<\/span><\/span><\/span><\/li>\n<\/ul>\n<h1 style=\"text-align: center;\" align=\"JUSTIFY\"><span style=\"text-decoration: underline;\"><strong>Lehrer<\/strong><\/span><\/h1>\n<p align=\"JUSTIFY\"><span style=\"color: #000000;\"><span style=\"font-family: ArialMT,sans-serif;\"><span style=\"font-size: large;\"><a href=\"http:\/\/www.kolbermoor-aikikai.de\/wp-content\/uploads\/2013\/09\/RHS_2427.JPG-1.jpg\"><img loading=\"lazy\" decoding=\"async\" class=\"alignnone size-full wp-image-129\" src=\"http:\/\/www.kolbermoor-aikikai.de\/wp-content\/uploads\/2013\/09\/RHS_2427.JPG-1.jpg\" alt=\"RHS_2427.JPG (1)\" width=\"182\" height=\"300\" \/><\/a><\/span><\/span><\/span><span style=\"color: #000000;\"><span style=\"font-family: Arial, sans-serif;\"><span style=\"font-size: medium;\">Nik Doyle (6.Dan Aikikai Tokyo)<\/span><\/span><\/span><\/p>\n<p align=\"JUSTIFY\"><span style=\"color: #000000;\"><span style=\"font-family: Arial, sans-serif;\"><span style=\"font-size: medium;\">Nik begann Aikido 1981 an der Sussex University (Brighton Aikikai), England unter Kanetsuka Minoru Shihan (8.Dan) und erhielt 1986 seinen Shodan. Nach einem Kurs mit Yamaguchi Seigo Shihan (9.Dan) in 1987 begann Nik regelm\u00e4\u00dfig in Frankreich unter der Leitung von Christian Tissier Shihan (8.Dan) zu trainieren. \u00a0Auf Empfehlung von Christian Tissier Shihan wurde Nik bei der Kagami Biraki 2024 von Aikikai Tokyo der Rokudan verliehen.<\/span><\/span><\/span><\/p>\n<p align=\"JUSTIFY\"><span style=\"color: #000000;\"><span style=\"font-family: Arial, sans-serif;\"><span style=\"font-size: medium;\">Au\u00dfer mit Tissier und Kanetsuka Shihan hat Nik im Laufe der Jahre mit vielen anderen Shihan trainiert, vor allem Chiba, Endo und Yasuno. Nik war mehr als 25 Jahre \u00dcbungsleiter f\u00fcr Brighton Aikikai und hat viele von der Aikikai Foundation Tokyo verliehene Dan-Grade ausgebildet.<\/span><\/span><\/span><\/p>\n<p align=\"JUSTIFY\"><a href=\"http:\/\/www.kolbermoor-aikikai.de\/wp-content\/uploads\/2016\/04\/cropped-Toho-Iai.jpeg\"><img loading=\"lazy\" decoding=\"async\" class=\"alignnone size-large wp-image-676\" src=\"http:\/\/www.kolbermoor-aikikai.de\/wp-content\/uploads\/2016\/04\/cropped-Toho-Iai-1024x710.jpeg\" alt=\"\" width=\"1024\" height=\"710\" srcset=\"https:\/\/www.kolbermoor-aikikai.de\/wp-content\/uploads\/2016\/04\/cropped-Toho-Iai-1024x710.jpeg 1024w, https:\/\/www.kolbermoor-aikikai.de\/wp-content\/uploads\/2016\/04\/cropped-Toho-Iai-300x208.jpeg 300w, https:\/\/www.kolbermoor-aikikai.de\/wp-content\/uploads\/2016\/04\/cropped-Toho-Iai.jpeg 1140w\" sizes=\"auto, (max-width: 767px) 89vw, (max-width: 1000px) 54vw, (max-width: 1071px) 543px, 580px\" \/><\/a><\/p>\n<p align=\"JUSTIFY\"><span style=\"color: #000000;\"><span style=\"font-family: ArialMT,sans-serif;\"><span style=\"font-size: large;\"><a href=\"http:\/\/www.kolbermoor-aikikai.de\/wp-content\/uploads\/2013\/09\/DSC_0108.jpg\"><img loading=\"lazy\" decoding=\"async\" class=\"alignnone size-full wp-image-127\" src=\"http:\/\/www.kolbermoor-aikikai.de\/wp-content\/uploads\/2013\/09\/DSC_0108.jpg\" alt=\"DSC_0108\" width=\"197\" height=\"300\" \/><\/a><\/span><\/span><\/span><span style=\"color: #000000;\"><span style=\"font-family: Arial, sans-serif;\"><span style=\"font-size: medium;\">Brigitte Doyle (4.Dan Aikikai Tokyo)<\/span><\/span><\/span><\/p>\n<p align=\"JUSTIFY\"><span style=\"font-family: Arial, sans-serif;\"><span style=\"color: #000000;\"><span style=\"font-size: medium;\">Brigitte begann Aikido in 2002 in Guernsey, UK und trainierte seit 2004 mit Brighton Aikikai. 2010 erreicht sie ihren Shodan und in 2023 erhielt sie ihren Yondan von Christian Tissier Shihan. Brigitte hat an vielen Kursen mit sehr bekannten Meistern, besonders Tissier Shihan, teilgenommen.<\/span><\/span><\/span><\/p>\n<p><a href=\"http:\/\/www.kolbermoor-aikikai.de\/wp-content\/uploads\/2013\/09\/DSC_00861.jpg\"><img loading=\"lazy\" decoding=\"async\" class=\"alignnone size-full wp-image-132\" src=\"http:\/\/www.kolbermoor-aikikai.de\/wp-content\/uploads\/2013\/09\/DSC_00861.jpg\" alt=\"DSC_0086\" width=\"750\" height=\"598\" srcset=\"https:\/\/www.kolbermoor-aikikai.de\/wp-content\/uploads\/2013\/09\/DSC_00861.jpg 750w, https:\/\/www.kolbermoor-aikikai.de\/wp-content\/uploads\/2013\/09\/DSC_00861-300x239.jpg 300w\" sizes=\"auto, (max-width: 706px) 89vw, (max-width: 767px) 82vw, 740px\" \/><\/a><br \/>\n<a href=\"https:\/\/www.kolbermoor-aikikai.de\/wp-content\/uploads\/2013\/09\/Tanja-1.jpg\"><img loading=\"lazy\" decoding=\"async\" class=\"alignnone size-medium wp-image-2436\" src=\"https:\/\/www.kolbermoor-aikikai.de\/wp-content\/uploads\/2013\/09\/Tanja-1-263x300.jpg\" alt=\"\" width=\"263\" height=\"300\" srcset=\"https:\/\/www.kolbermoor-aikikai.de\/wp-content\/uploads\/2013\/09\/Tanja-1-263x300.jpg 263w, https:\/\/www.kolbermoor-aikikai.de\/wp-content\/uploads\/2013\/09\/Tanja-1.jpg 394w\" sizes=\"auto, (max-width: 263px) 100vw, 263px\" \/><\/a><span style=\"color: #000000;\"><span style=\"font-size: medium;\"><span style=\"font-family: Arial, sans-serif;\">Tanja Heinzmann\u00a0(3.Dan Aikikai Tokyo)<\/span><\/span><\/span><\/p>\n<p class=\"western\"><span style=\"color: #000000;\"><span style=\"font-family: Arial, sans-serif;\"><span style=\"font-size: medium;\"><span lang=\"de-DE\">Tanja begann Aikido in 2008, erreichte Shodan 2016 und trainierte seit 2017 mit Kolbermoor Aikido. 2021 erhielt sie ihren Sandan vom Verband Kenbukai nach Watanabe Shihan (8.Dan). Regelm\u00e4\u00dfig besuchte sie Workshops bei Pascal Durchon, Bruno Gonzales, Christian Tissier, Paul M\u00fcller. Seit 6 Jahren leitet sie das Aikido Kinder und Jugendtraining des TUS Holzkirchen und seit September 2022 eine Aikido-Kindertrainingsgruppe im Caritas Kinderdorf Irschenberg. Sie h\u00e4lt:<\/span><\/span><\/span><\/span><\/p>\n<p class=\"western\" lang=\"de-DE\"><span style=\"color: #000000;\"><span style=\"font-family: Arial, sans-serif;\"><span style=\"font-size: medium;\">Trainerlizenz C Aikido<\/span><\/span><\/span><\/p>\n<p class=\"western\" lang=\"de-DE\"><span style=\"color: #000000;\"><span style=\"font-family: Arial, sans-serif;\"><span style=\"font-size: medium;\">Trainerlizenz B &#8211; Sport in der Pr\u00e4vention (Kinder und Jugendliche)<\/span><\/span><\/span><\/p>\n<p class=\"western\" lang=\"de-DE\"><span style=\"color: #000000;\"><span style=\"font-family: Arial, sans-serif;\"><span style=\"font-size: medium;\">Mitglied im Referentinnen-Team des BLSV f\u00fcr Gewaltpr\u00e4vention in Breitensportvereinen<\/span><\/span><\/span><\/p>\n<p class=\"western\">\n","protected":false},"excerpt":{"rendered":"<p>&#8220;Erleuchtung hat keinen Anfang, Training kein Ende&#8221; &#8211; Dogen Zenji (1200-1253) Aikido (w\u00f6rtlich aus dem Kanji als \u201d Weg der Harmonie \u201d \u00fcbersetzt) ist ein komplettes Kampfkunstsystem, das unbewaffnete Techniken sowie Teckniken mit Waffen integriert, um sich gegen einen oder mehrere Gegner zu verteidigen. Aikido ist faszinierend, da sich die Praxis auf kooperatives Lernen im &hellip; <\/p>\n<p class=\"link-more\"><a href=\"https:\/\/www.kolbermoor-aikikai.de\/?page_id=49\" class=\"more-link\">Continue reading<span class=\"screen-reader-text\"> &#8220;\u00dcber uns&#8221;<\/span><\/a><\/p>\n","protected":false},"author":1,"featured_media":0,"parent":0,"menu_order":0,"comment_status":"closed","ping_status":"closed","template":"","meta":{"footnotes":""},"class_list":["post-49","page","type-page","status-publish","hentry"],"_links":{"self":[{"href":"https:\/\/www.kolbermoor-aikikai.de\/index.php?rest_route=\/wp\/v2\/pages\/49","targetHints":{"allow":["GET"]}}],"collection":[{"href":"https:\/\/www.kolbermoor-aikikai.de\/index.php?rest_route=\/wp\/v2\/pages"}],"about":[{"href":"https:\/\/www.kolbermoor-aikikai.de\/index.php?rest_route=\/wp\/v2\/types\/page"}],"author":[{"embeddable":true,"href":"https:\/\/www.kolbermoor-aikikai.de\/index.php?rest_route=\/wp\/v2\/users\/1"}],"replies":[{"embeddable":true,"href":"https:\/\/www.kolbermoor-aikikai.de\/index.php?rest_route=%2Fwp%2Fv2%2Fcomments&post=49"}],"version-history":[{"count":39,"href":"https:\/\/www.kolbermoor-aikikai.de\/index.php?rest_route=\/wp\/v2\/pages\/49\/revisions"}],"predecessor-version":[{"id":2718,"href":"https:\/\/www.kolbermoor-aikikai.de\/index.php?rest_route=\/wp\/v2\/pages\/49\/revisions\/2718"}],"wp:attachment":[{"href":"https:\/\/www.kolbermoor-aikikai.de\/index.php?rest_route=%2Fwp%2Fv2%2Fmedia&parent=49"}],"curies":[{"name":"wp","href":"https:\/\/api.w.org\/{rel}","templated":true}]}}